{"id":1395,"date":"2026-03-25T13:19:25","date_gmt":"2026-03-25T16:19:25","guid":{"rendered":"https:\/\/apalabrar.com.ar\/web\/program\/"},"modified":"2026-04-09T16:02:21","modified_gmt":"2026-04-09T19:02:21","slug":"nuestras-areas","status":"publish","type":"page","link":"https:\/\/apalabrar.com.ar\/web\/nuestras-areas\/","title":{"rendered":"Nuestras \u00c1reas"},"content":{"rendered":"<div data-spectra-id=\"spectra-mnrp96ck-nsv3cw\"\tstyle=\"overflow: visible;\" class=\"spectra-is-root-container alignfull spectra-overlay-color spectra-overflow wp-block-spectra-container\" data-orientation=\"vertical\"\t>\n\t\n\n<h2 class=\"wp-block-heading\">Nuestras \u00c1reas<br><\/h2>\n\n\n\n<ul class=\"wp-block-list\">\n<li class=\"has-medium-font-size\"><strong><mark class=\"has-inline-color has-ast-global-color-1-color\">Psicolog\u00eda<\/mark><\/strong><\/li>\n<\/ul>\n\n\n\n<p class=\"has-text-align-left\">Psic\u00f3logas y psic\u00f3logos que trabajan para evaluar y comprender los diferentes padecimientos mentales que las personas pueden atravesar en su vida cotidiana; el abordaje se lleva adelante desde la mirada interdisciplinar y constructiva que gira en torno a la persona y su proyecto de vida.<br><\/p>\n\n\n\n<ul class=\"wp-block-list\">\n<li class=\"has-medium-font-size\"><strong><mark class=\"has-inline-color has-ast-global-color-1-color\">Psicolog\u00eda Infantil<\/mark><\/strong><\/li>\n<\/ul>\n\n\n\n<p class=\"has-text-align-left\">Psicolog\u00eda Cl\u00ednica de ni\u00f1os, ni\u00f1as y adolescentes.<\/p>\n\n\n\n<p class=\"has-text-align-left\">Se propone el armado de una escena de juego posible, con una apuesta al sujeto.<\/p>\n\n\n\n<p class=\"has-text-align-left\">Dirigido a quienes presentan una problem\u00e1tica en su desarrollo, con o sin discapacidad.<br><\/p>\n\n\n\n<ul class=\"wp-block-list\">\n<li class=\"has-medium-font-size\"><strong><mark class=\"has-inline-color has-ast-global-color-1-color\">Gerontolog\u00eda<\/mark><\/strong><\/li>\n<\/ul>\n\n\n\n<p class=\"has-text-align-left\">La asistencia psicol\u00f3gica a Personas Mayores supone brindarles un espacio de escucha donde puedan desplegar los padecimientos subjetivos que lo aquejan y limitan su autonom\u00eda. Es primordial orientar los tratamientos desde un enfoque interdisciplinario que incluya a las redes de apoyo con las que el paciente cuenta.<\/p>\n\n\n\n<p class=\"has-text-align-left\">Espacio de acompa\u00f1amiento que busca contribuir en la organizaci\u00f3n de h\u00e1bitos cotidianos (Actividades de la vida cotidiana trabajo y tiempo libre), trabajando con la persona y su grupo familiar (si as\u00ed se requiere); promoviendo la ciudadan\u00eda, el empoderamiento y la autodeterminaci\u00f3n. Favoreciendo una vida cotidiana en su comunidad de origen\/cercan\u00eda y buscando retomar\/fortalecer los lazos sociales con familia, amigos y vecinos de la persona en cuesti\u00f3n.<br><\/p>\n\n\n\n<ul class=\"wp-block-list\">\n<li class=\"has-medium-font-size\"><strong><mark class=\"has-inline-color has-ast-global-color-1-color\">Psiquiatr\u00eda<\/mark><\/strong><\/li>\n<\/ul>\n\n\n\n<p class=\"has-text-align-left\">Profesional de la medicina tradicional (m\u00e9dico) que atiende el padecimiento mental por medio de un diagn\u00f3stico centrado en el desarrollo integral de la persona: cuerpo, mente y salud f\u00edsica.<br><\/p>\n\n\n\n<ul class=\"wp-block-list\">\n<li class=\"has-medium-font-size\"><strong><mark class=\"has-inline-color has-ast-global-color-1-color\">Acompa\u00f1amiento Terap\u00e9utico<\/mark><\/strong><\/li>\n<\/ul>\n\n\n\n<p class=\"has-text-align-left\">Cuando pensamos en el Dispositivo de Acompa\u00f1amiento Terap\u00e9utico, desde Apalabrar hacemos hincapi\u00e9 en la importancia de acompa\u00f1ar.<\/p>\n\n\n\n<p class=\"has-text-align-left\">En tiempos recientes, en donde se resalta el individualismo, hemos perdido de vista el poder terap\u00e9utico del v\u00ednculo, del hacer con un otra\/o. En este sentido, entendemos el rol del acompa\u00f1ante como un agente que viene a colaborar en reconstruir esos lazos sociales quebrados. Para ello necesitamos conocernos, establecer las pautas del encuadre y, juntos, pensar y construir los objetivos del espacio. Es importante pensar el acompa\u00f1amiento como un proceso, en donde acompa\u00f1ante y acompa\u00f1ado\/a colaboran en sostener el espacio, a trav\u00e9s del trabajo cotidiano.<\/p>\n\n\n\n<p>En conclusi\u00f3n, nuestro rol como Acompa\u00f1antes Terap\u00e9uticos, es trabajar junto con los usuarios, los aspectos vinculares de la salud mental.<br><\/p>\n\n\n\n<ul class=\"wp-block-list\">\n<li class=\"has-medium-font-size\"><strong><mark class=\"has-inline-color has-ast-global-color-1-color\">Terapia Ocupacional<\/mark><\/strong><\/li>\n<\/ul>\n\n\n\n<p class=\"has-text-align-left\">(\u2026)\u201dEspacio de acompa\u00f1amiento que busca contribuir en la organizaci\u00f3n de h\u00e1bitos cotidianos (AVD, trabajo y tiempo libre), trabajando con la persona y su grupo familiar (si as\u00ed se requiere); promoviendo la ciudadan\u00eda, el empoderamiento y la&nbsp; autodeterminaci\u00f3n. Favoreciendo una vida cotidiana en su comunidad de origen\/cercan\u00eda y buscando retomar\/fortalecer los lazos sociales con familia, amigos y&nbsp; vecinos de la persona en cuesti\u00f3n (\u2026)\u201d.<br><\/p>\n\n\n\n<ul class=\"wp-block-list\">\n<li class=\"has-medium-font-size\"><strong><mark class=\"has-inline-color has-ast-global-color-1-color\">Pedagog\u00eda y Educaci\u00f3n Popular<\/mark><\/strong><\/li>\n<\/ul>\n\n\n\n<p class=\"has-text-align-left\">\u201c(\u2026) Se ocupa de an\u00e1lisis cr\u00edtico de las pr\u00e1cticas sociales educativas, que se instituyen como dispositivos, analizando las pol\u00edticas donde \u00e9stas se inscriben, (\u2026) permitiendo desarrollar tareas en \u00e1reas de salud, cultura y educaci\u00f3n\u201d<br><\/p>\n\n<\/div>\n\n\n\n<p><\/p>\n","protected":false},"excerpt":{"rendered":"","protected":false},"author":1,"featured_media":0,"parent":0,"menu_order":0,"comment_status":"closed","ping_status":"closed","template":"","meta":{"_uag_custom_page_level_css":"","site-sidebar-layout":"no-sidebar","site-content-layout":"page-builder","ast-site-content-layout":"full-width-container","site-content-style":"unboxed","site-sidebar-style":"unboxed","ast-global-header-display":"","ast-banner-title-visibility":"","ast-main-header-display":"","ast-hfb-above-header-display":"","ast-hfb-below-header-display":"","ast-hfb-mobile-header-display":"","site-post-title":"disabled","ast-breadcrumbs-content":"","ast-featured-img":"disabled","footer-sml-layout":"","ast-disable-related-posts":"","theme-transparent-header-meta":"enabled","adv-header-id-meta":"","stick-header-meta":"","header-above-stick-meta":"","header-main-stick-meta":"","header-below-stick-meta":"","astra-migrate-meta-layouts":"set","ast-page-background-enabled":"default","ast-page-background-meta":{"desktop":{"background-color":"var(--ast-global-color-4)","background-image":"","background-repeat":"repeat","background-position":"center center","background-size":"auto","background-attachment":"scroll","background-type":"","background-media":"","overlay-type":"","overlay-color":"","overlay-opacity":"","overlay-gradient":""},"tablet":{"background-color":"","background-image":"","background-repeat":"repeat","background-position":"center center","background-size":"auto","background-attachment":"scroll","background-type":"","background-media":"","overlay-type":"","overlay-color":"","overlay-opacity":"","overlay-gradient":""},"mobile":{"background-color":"","background-image":"","background-repeat":"repeat","background-position":"center center","background-size":"auto","background-attachment":"scroll","background-type":"","background-media":"","overlay-type":"","overlay-color":"","overlay-opacity":"","overlay-gradient":""}},"ast-content-background-meta":{"desktop":{"background-color":"var(--ast-global-color-5)","background-image":"","background-repeat":"repeat","background-position":"center center","background-size":"auto","background-attachment":"scroll","background-type":"","background-media":"","overlay-type":"","overlay-color":"","overlay-opacity":"","overlay-gradient":""},"tablet":{"background-color":"var(--ast-global-color-5)","background-image":"","background-repeat":"repeat","background-position":"center center","background-size":"auto","background-attachment":"scroll","background-type":"","background-media":"","overlay-type":"","overlay-color":"","overlay-opacity":"","overlay-gradient":""},"mobile":{"background-color":"var(--ast-global-color-5)","background-image":"","background-repeat":"repeat","background-position":"center center","background-size":"auto","background-attachment":"scroll","background-type":"","background-media":"","overlay-type":"","overlay-color":"","overlay-opacity":"","overlay-gradient":""}},"_joinchat":[],"footnotes":""},"class_list":["post-1395","page","type-page","status-publish","hentry"],"uagb_featured_image_src":{"full":false,"thumbnail":false,"medium":false,"medium_large":false,"large":false,"1536x1536":false,"2048x2048":false},"uagb_author_info":{"display_name":"Apalabrar","author_link":"https:\/\/apalabrar.com.ar\/web\/author\/apalabrar\/"},"uagb_comment_info":0,"uagb_excerpt":null,"_links":{"self":[{"href":"https:\/\/apalabrar.com.ar\/web\/wp-json\/wp\/v2\/pages\/1395","targetHints":{"allow":["GET"]}}],"collection":[{"href":"https:\/\/apalabrar.com.ar\/web\/wp-json\/wp\/v2\/pages"}],"about":[{"href":"https:\/\/apalabrar.com.ar\/web\/wp-json\/wp\/v2\/types\/page"}],"author":[{"embeddable":true,"href":"https:\/\/apalabrar.com.ar\/web\/wp-json\/wp\/v2\/users\/1"}],"replies":[{"embeddable":true,"href":"https:\/\/apalabrar.com.ar\/web\/wp-json\/wp\/v2\/comments?post=1395"}],"version-history":[{"count":0,"href":"https:\/\/apalabrar.com.ar\/web\/wp-json\/wp\/v2\/pages\/1395\/revisions"}],"wp:attachment":[{"href":"https:\/\/apalabrar.com.ar\/web\/wp-json\/wp\/v2\/media?parent=1395"}],"curies":[{"name":"wp","href":"https:\/\/api.w.org\/{rel}","templated":true}]}}